{"id":1862,"date":"2024-03-16T11:53:29","date_gmt":"2024-03-16T11:53:29","guid":{"rendered":"http:\/\/tscajans.com\/korg\/?page_id=1862"},"modified":"2024-03-17T21:53:49","modified_gmt":"2024-03-17T21:53:49","slug":"iletisim-ve-teknik-destek","status":"publish","type":"page","link":"https:\/\/www.korgpaturkiye.com\/index.php\/iletisim-ve-teknik-destek\/","title":{"rendered":"\u0130leti\u015fim ve Teknik Destek"},"content":{"rendered":"<h1>\u0130leti\u015fim<\/h1>\n<h3>Can Elektronik Tic. ve San. Ltd. \u015eti.<\/h3>\n<h3>KORG T\u00dcRK\u0130YE D\u0130STR\u0130B\u00dcT\u00d6R\u00dc<\/h3>\n<p>KORDON \u0130STANBUL Hamidiye Mah. Cendere Caddesi No:45\/C<\/p>\n<p>34408\u00a0 KA\u011eITHANE-\u0130STANBUL<\/p>\n<p><strong>+90 212 249 8636<\/strong><\/p>\n<p><style>\/*! elementor - v3.20.0 - 13-03-2024 *\/<br \/>\n.elementor-widget-google_maps .elementor-widget-container{overflow:hidden}.elementor-widget-google_maps .elementor-custom-embed{line-height:0}.elementor-widget-google_maps iframe{height:300px}<\/style><\/p>\n<p>\u00a0<\/p>\n<h1>Teknik Servis<\/h1>\n<h3><strong>DTL Elektronik<\/strong><\/h3>\n<h4>Galipdede Cad. \u015eahkulu Sok.<br \/>Nakkas \u00c7\u0131kmaz\u0131 1\/1<br \/>34420 Beyo\u011flu \u0130stanbul<br \/>T\u00fcrkiye<\/h4>\n<h5><strong>Tel:<\/strong>\u00a00212 2938688<br \/>0212 2938689<br \/>0212 2924897<br \/>0212 2924898<\/h5>\n<h5><strong>Faks:<\/strong>\u00a00212 2494765<\/h5>\n<h5><strong>Email:\u00a0<\/strong><a href=\"mailto:info@dtlservis.com\">info@dtlservis.com<\/a><\/h5>\n\n\n<iframe src=\"https:\/\/www.google.com\/maps\/embed?pb=!1m14!1m8!1m3!1d6013.634721375113!2d28.982874!3d41.094837!3m2!1i1024!2i768!4f13.1!3m3!1m2!1s0x14cab690a74a909b%3A0x498e6e643d77aaa9!2zSGFtaWRpeWUsIENlbmRlcmUgQ2FkLiBObzo0NSwgMzQ0MDggS8OixJ_EsXRoYW5lL8Swc3RhbmJ1bCwgVMO8cmtpeWU!5e0!3m2!1sen!2sus!4v1710712310505!5m2!1sen!2sus\" width=\"1200\" height=\"650\" style=\"border:0;\" allowfullscreen=\"\" loading=\"lazy\" referrerpolicy=\"no-referrer-when-downgrade\"><\/iframe>\n","protected":false},"excerpt":{"rendered":"<p>\u0130leti\u015fim Can Elektronik Tic. ve San. Ltd. \u015eti. KORG T\u00dcRK\u0130YE D\u0130STR\u0130B\u00dcT\u00d6R\u00dc KORDON \u0130STANBUL Hamidiye Mah. Cendere Caddesi No:45\/C 34408\u00a0 KA\u011eITHANE-\u0130STANBUL +90 212 249 8636 \u00a0 Teknik<span class=\"excerpt-hellip\"> [\u2026]<\/span><\/p>\n","protected":false},"author":1,"featured_media":0,"parent":0,"menu_order":0,"comment_status":"closed","ping_status":"closed","template":"","meta":{"footnotes":""},"_links":{"self":[{"href":"https:\/\/www.korgpaturkiye.com\/index.php\/wp-json\/wp\/v2\/pages\/1862"}],"collection":[{"href":"https:\/\/www.korgpaturkiye.com\/index.php\/wp-json\/wp\/v2\/pages"}],"about":[{"href":"https:\/\/www.korgpaturkiye.com\/index.php\/wp-json\/wp\/v2\/types\/page"}],"author":[{"embeddable":true,"href":"https:\/\/www.korgpaturkiye.com\/index.php\/wp-json\/wp\/v2\/users\/1"}],"replies":[{"embeddable":true,"href":"https:\/\/www.korgpaturkiye.com\/index.php\/wp-json\/wp\/v2\/comments?post=1862"}],"version-history":[{"count":2,"href":"https:\/\/www.korgpaturkiye.com\/index.php\/wp-json\/wp\/v2\/pages\/1862\/revisions"}],"predecessor-version":[{"id":2002,"href":"https:\/\/www.korgpaturkiye.com\/index.php\/wp-json\/wp\/v2\/pages\/1862\/revisions\/2002"}],"wp:attachment":[{"href":"https:\/\/www.korgpaturkiye.com\/index.php\/wp-json\/wp\/v2\/media?parent=1862"}],"curies":[{"name":"wp","href":"https:\/\/api.w.org\/{rel}","templated":true}]}}