{"id":1847,"date":"2024-03-16T10:53:56","date_gmt":"2024-03-16T10:53:56","guid":{"rendered":"http:\/\/tscajans.com\/korg\/?page_id=1847"},"modified":"2025-03-07T11:10:04","modified_gmt":"2025-03-07T11:10:04","slug":"bayiler-2","status":"publish","type":"page","link":"https:\/\/www.korgpaturkiye.com\/index.php\/bayiler-2\/","title":{"rendered":"Bayiler"},"content":{"rendered":"<p><strong>MARMARA B\u00d6LGES\u0130<\/strong><\/p>\n<p><strong>Mega M\u00fczik \/ iSTANBUL<\/strong><\/p>\n<p>\u015eahkulu Mah<strong>.\u00a0<\/strong>Galipdede Cad. \u015eahde\u011firmeni Sok. No: 5\/A Beyo\u011flu \/ \u0130stanbul<\/p>\n<p>Tel : 0 (212) 252 23 27<\/p>\n<p><strong>Bal\u0131kesir Ses-I\u015f\u0131k \u00a0\/ BALIKES\u0130R<\/strong><\/p>\n<p>Alt\u0131eyl\u00fcl Mah.Vas\u0131f\u00e7\u0131nar Cad. Hisar Apt. Alt\u0131eyl\u00fcl \/ Bal\u0131kesir<\/p>\n<p>Tel : 0 (266) 239 37 47<\/p>\n<p><strong>Sms M\u00fczik \/ BURSA<\/strong><\/p>\n<p>\u0130ntizam Mah. Selim Sok. No: 24\/B Osmangazi \/ Bursa<\/p>\n<p>Tel : 0 (224) 220 30 34<\/p>\n<p><strong>Ta\u015f\u00e7\u0131lar M\u00fczik \/ KOCAEL\u0130<\/strong><\/p>\n<p>4 Temmuz Mah. Hayri Savdert Sok.No:20\/1 Karam\u00fcrsel \/ Kocaeli<\/p>\n<p>Tel: 0 (542) 459 38 02<\/p>\n<p><strong>EGE B\u00d6LGES\u0130<\/strong><\/p>\n<p><strong>Bor M\u00fczik \/ \u0130ZM\u0130R<\/strong><\/p>\n<p>Gazi Bulvar\u0131 Cem \u00c7\u0131nar \u0130\u015fhan\u0131 no:71 \u00c7ankaya \/ \u0130ZM\u0130R<\/p>\n<p>Tel : 0 (232) 446 42 54<\/p>\n<p><strong>Akg\u00fcnd\u00fcz M\u00fczik \/ AYDIN<\/strong><\/p>\n<p>Ayd\u0131n Mu\u011fla karayolu 3.km Dalya AVM Ayd\u0131n<\/p>\n<p>Tel : 0 (256) 214 35 55<\/p>\n<p><strong>Do\u011fa M\u00fczik \/ DEN\u0130ZL\u0130<\/strong><\/p>\n<p>Atalar Lise Cad. No: 41 Denizli<\/p>\n<p>Tel: 0 (258) 242 53 95<\/p>\n<p><strong>Arl M\u00fczik \/ K\u00dcTAHYA<\/strong><\/p>\n<p>Meydan Mah. Mithatpa\u015fa Cad. No:56\/B K\u00fctahya<\/p>\n<p>Tel: 0 (274) 333 0 353<\/p>\n<p><strong>\u0130\u00c7 ANADOLU B\u00d6LGES\u0130<\/strong><\/p>\n<p><strong>Pan M\u00fczik \/ ANKARA<\/strong><\/p>\n<p>Hatay Sokak 8\/A Kocatepe K\u0131z\u0131lay \u00c7ankaya, Ankara, Turkey<\/p>\n<p>Tel : (0312) 425 77 67<\/p>\n<p><strong>AKDEN\u0130Z B\u00d6LGES\u0130<\/strong><\/p>\n<p><strong>Prestij M\u00fczik \/ ANTALYA<\/strong><\/p>\n<p>G\u00fcll\u00fck Cad. Selekler \u00c7ar\u015f\u0131s\u0131 No:150 Muratpa\u015fa \/ Antalya<\/p>\n<p>Tel : 0 (242) 244 11 07<\/p>\n<p><strong>KARADEN\u0130Z B\u00d6LGES\u0130\u00a0\u00a0<\/strong><\/p>\n<p><strong>Star Ses-I\u015f\u0131k \/ SAMSUN<\/strong><\/p>\n<p>19 May\u0131s Mah. Saadet Cad. No:35\/2 SAMSUN<\/p>\n<p>Tel:\u00a0 0 (362) 435 61 76<\/p>\n<p><strong>G\u00dcNEYDO\u011eU ANADOLU B\u00d6LGES\u0130\u00a0\u00a0\u00a0\u00a0\u00a0\u00a0\u00a0\u00a0\u00a0\u00a0\u00a0\u00a0\u00a0\u00a0\u00a0\u00a0\u00a0\u00a0\u00a0\u00a0\u00a0\u00a0\u00a0\u00a0\u00a0\u00a0\u00a0\u00a0\u00a0\u00a0\u00a0\u00a0\u00a0\u00a0\u00a0\u00a0\u00a0\u00a0\u00a0\u00a0\u00a0\u00a0\u00a0\u00a0\u00a0\u00a0\u00a0\u00a0\u00a0\u00a0\u00a0\u00a0\u00a0\u00a0\u00a0\u00a0\u00a0\u00a0\u00a0\u00a0\u00a0\u00a0\u00a0\u00a0\u00a0\u00a0\u00a0<\/strong><\/p>\n<p><strong>Burhan M\u00fczik \/ As M\u00fczik\u00a0<\/strong><\/p>\n<p>AKYOL MAH DOGUM EV\u0130 SOKAK, \u015eahinbey, Turkey<\/p>\n<p>Tel : 0542 397 97 29<\/p>\n","protected":false},"excerpt":{"rendered":"<p>MARMARA B\u00d6LGES\u0130 Mega M\u00fczik \/ iSTANBUL \u015eahkulu Mah.\u00a0Galipdede Cad. \u015eahde\u011firmeni Sok. No: 5\/A Beyo\u011flu \/ \u0130stanbul Tel : 0 (212) 252 23 27 Bal\u0131kesir Ses-I\u015f\u0131k \u00a0\/<span class=\"excerpt-hellip\"> [\u2026]<\/span><\/p>\n","protected":false},"author":1,"featured_media":0,"parent":0,"menu_order":0,"comment_status":"closed","ping_status":"closed","template":"","meta":{"footnotes":""},"_links":{"self":[{"href":"https:\/\/www.korgpaturkiye.com\/index.php\/wp-json\/wp\/v2\/pages\/1847"}],"collection":[{"href":"https:\/\/www.korgpaturkiye.com\/index.php\/wp-json\/wp\/v2\/pages"}],"about":[{"href":"https:\/\/www.korgpaturkiye.com\/index.php\/wp-json\/wp\/v2\/types\/page"}],"author":[{"embeddable":true,"href":"https:\/\/www.korgpaturkiye.com\/index.php\/wp-json\/wp\/v2\/users\/1"}],"replies":[{"embeddable":true,"href":"https:\/\/www.korgpaturkiye.com\/index.php\/wp-json\/wp\/v2\/comments?post=1847"}],"version-history":[{"count":1,"href":"https:\/\/www.korgpaturkiye.com\/index.php\/wp-json\/wp\/v2\/pages\/1847\/revisions"}],"predecessor-version":[{"id":2086,"href":"https:\/\/www.korgpaturkiye.com\/index.php\/wp-json\/wp\/v2\/pages\/1847\/revisions\/2086"}],"wp:attachment":[{"href":"https:\/\/www.korgpaturkiye.com\/index.php\/wp-json\/wp\/v2\/media?parent=1847"}],"curies":[{"name":"wp","href":"https:\/\/api.w.org\/{rel}","templated":true}]}}