{"id":1647,"date":"2024-03-15T16:07:01","date_gmt":"2024-03-15T16:07:01","guid":{"rendered":"http:\/\/tscajans.com\/korg\/?page_id=1647"},"modified":"2024-03-15T16:07:01","modified_gmt":"2024-03-15T16:07:01","slug":"pa700or-download","status":"publish","type":"page","link":"https:\/\/www.korgpaturkiye.com\/index.php\/download-update\/pa700or-download\/","title":{"rendered":"Pa700Or Download"},"content":{"rendered":"<h1>Pa700Or Download<\/h1>\n<p><strong>\u00a0 \u00a0 \u00a0 \u00a0 \u00a0 \u00a0PA\u00a0700OR\u00a0\u2013 (CE-700)Korg TR-15 data<\/strong>\u00a0:<\/p>\n<p><strong>\u00a0Pa700 Or-\/ Pa700 Cihaz\u0131n\u0131z\u0131n OS Versionu 1.1.0 ve \u00fczeri olmal\u0131d\u0131r\u2026.<\/strong><\/p>\n<h6>\u00a0 \u00a0 \u00a0 \u00a0 \u00a0 \u00a0 \u00a0 \u00a0 *Datay\u0131 indirdikten sonra dosyay\u0131 zipten c\u0131kartt\u0131\u011f\u0131n\u0131zda gerekli\u00a0 \u00a0y\u00f6nlendirmeleri g\u00f6receksiniz.<\/h6>\n<h6>\u00a0 \u00a0 \u00a0 \u00a0 \u00a0 \u00a0 \u00a0 \u00a0 * G\u00fcncellemeler yine bu sayfada yay\u0131nlanacakt\u0131r.<\/h6>\n<h6>\u00a0 \u00a0 \u00a0 \u00a0 \u00a0 \u00a0 \u00a0 <i>\u00a0\u00a0Not:\u00a0 \u00a0KORGTR15\u00a0 microSD\u00a0kart olmayan Pa700\u2019ler de \u00e7al\u0131\u015fmaz<\/i><\/h6>\n<h6><i>\u00a0 \u00a0 \u00a0 \u00a0 \u00a0 \u00a0 \u00a0 \u00a0 \u00a0(You can not use if you do not have\u00a0KorgTR15 MiroSD card)<\/i><\/h6>\n<p>***Cihaz\u0131n\u0131z\u0131 Lokalle\u015ftirebilmek amac\u0131 ile a\u015fa\u011f\u0131da ki linkte ki datay\u0131 indirin***<\/p>\n<p>***Please download below data for localizing \u00a0your Pa700OR-Pa700 Standart***<\/p>\n<p>Korg Pa 700OR i\u00e7in haz\u0131rlad\u0131\u011f\u0131m\u0131z Lokal pkg-upd dosyam\u0131z\u0131 bu linke t\u0131klayarak indirebilirsiniz.<\/p>\n<ul>\n<li><strong><a href=\"https:\/\/drive.google.com\/open?id=17XBnzYnR0oaMlB55NmjYD84WlBSS1efu\" target=\"_blank\" rel=\"noopener noreferrer\">(CE)KorgTR15 v01 lokalle\u015ftirilmi\u015f son hali<\/a><\/strong><strong>.Pa700OR(V1.1.0)PKG<\/strong><\/li>\n<li><strong><a href=\"https:\/\/drive.google.com\/file\/d\/1b33RfIDqvXct_1YxcNi38FJYBsIKx5vn\/view?usp=sharing\" target=\"_blank\" rel=\"noopener noreferrer\">(CE)KorgTR15 v01 lokalle\u015ftirilmi\u015f son hali<\/a><\/strong><strong>.Pa700OR(V1.1.0)UPD<\/strong><\/li>\n<li><strong><a href=\"https:\/\/drive.google.com\/open?id=151CZ-xC454IA1OZRW1QW-KW1gb_eEupa\" target=\"_blank\" rel=\"noopener noreferrer\">(CE)KorgTR15 v01 lokalle\u015ftirilmi\u015f son hali<\/a>.Pa700 Standart<\/strong><\/li>\n<\/ul>\n<p><strong>PA 700OR- \u00a0Operating System\u00a0<\/strong><\/p>\n<ul>\n<li><a href=\"http:\/\/www.korg.com\/us\/support\/download\/software\/0\/759\/3703\/\" target=\"_blank\" rel=\"noopener noreferrer\">Pa700OR\u00a0O.S\u00a0V.1.3.0\u00a0\u00a0\u00a0\u00a0\u00a0<\/a><\/li>\n<li>Link\u2019e t\u0131klad\u0131ktan sonra ba\u011flant\u0131 h\u0131z\u0131n\u0131za ba\u011fl\u0131 olarak 5-10sn beklemeniz gerekebilir.Sayfa a\u015fa\u011f\u0131 do\u011fru ilerleyecektir.<\/li>\n<\/ul>\n<p><strong>\u00a0 \u00a0(CE-700)KorgTR15.SET G\u00fcncelleme\/Update;<\/strong><\/p>\n<ul>\n<li><a href=\"https:\/\/drive.google.com\/file\/d\/1diucmcSWpvIfmo52h66xQXTgJgMDs61E\/view?usp=sharing\">(CE700)KorgTR15V06.SET<\/a><\/li>\n<li><a href=\"https:\/\/drive.google.com\/file\/d\/1bh_IjSMPNaQayGQBv6MII-G0v5V61ArC\/view?usp=sharing\">(CE700)KorgTR15V07.SET<\/a>\u00a0 \u00a0 \u00a0 \u00a0<\/li>\n<\/ul>\n<p>Direct Link ile kullanabilirsiniz\u2026..!\u00a0 (12.09.20\u2019de g\u00fcncellendi)<\/p>\n<p>You can use Korgtr15 with Pa700 Standart models.Please write to us more details about Pa700OR-700 KORGTR15 datas\u2026<\/p>\n<p>info: certac@gmail.com<\/p>\n","protected":false},"excerpt":{"rendered":"<p>Pa700Or Download \u00a0 \u00a0 \u00a0 \u00a0 \u00a0 \u00a0PA\u00a0700OR\u00a0\u2013 (CE-700)Korg TR-15 data\u00a0: \u00a0Pa700 Or-\/ Pa700 Cihaz\u0131n\u0131z\u0131n OS Versionu 1.1.0 ve \u00fczeri olmal\u0131d\u0131r\u2026. \u00a0 \u00a0 \u00a0 \u00a0 \u00a0<span class=\"excerpt-hellip\"> [\u2026]<\/span><\/p>\n","protected":false},"author":1,"featured_media":0,"parent":1625,"menu_order":0,"comment_status":"closed","ping_status":"closed","template":"","meta":{"footnotes":""},"_links":{"self":[{"href":"https:\/\/www.korgpaturkiye.com\/index.php\/wp-json\/wp\/v2\/pages\/1647"}],"collection":[{"href":"https:\/\/www.korgpaturkiye.com\/index.php\/wp-json\/wp\/v2\/pages"}],"about":[{"href":"https:\/\/www.korgpaturkiye.com\/index.php\/wp-json\/wp\/v2\/types\/page"}],"author":[{"embeddable":true,"href":"https:\/\/www.korgpaturkiye.com\/index.php\/wp-json\/wp\/v2\/users\/1"}],"replies":[{"embeddable":true,"href":"https:\/\/www.korgpaturkiye.com\/index.php\/wp-json\/wp\/v2\/comments?post=1647"}],"version-history":[{"count":0,"href":"https:\/\/www.korgpaturkiye.com\/index.php\/wp-json\/wp\/v2\/pages\/1647\/revisions"}],"up":[{"embeddable":true,"href":"https:\/\/www.korgpaturkiye.com\/index.php\/wp-json\/wp\/v2\/pages\/1625"}],"wp:attachment":[{"href":"https:\/\/www.korgpaturkiye.com\/index.php\/wp-json\/wp\/v2\/media?parent=1647"}],"curies":[{"name":"wp","href":"https:\/\/api.w.org\/{rel}","templated":true}]}}