{"id":1618,"date":"2024-03-15T14:46:20","date_gmt":"2024-03-15T14:46:20","guid":{"rendered":"http:\/\/tscajans.com\/korg\/?page_id=1618"},"modified":"2026-02-16T13:07:00","modified_gmt":"2026-02-16T13:07:00","slug":"pa-5x","status":"publish","type":"page","link":"https:\/\/www.korgpaturkiye.com\/index.php\/download-update\/pa-5x\/","title":{"rendered":"PA 5X"},"content":{"rendered":"\n<figure class=\"wp-block-image size-full\"><img loading=\"lazy\" decoding=\"async\" width=\"300\" height=\"225\" src=\"https:\/\/www.korgpaturkiye.com\/wp-content\/uploads\/2024\/03\/ba1d2ef50737e373fee9006aa44c5448-300x225-1-1.png\" alt=\"\" class=\"wp-image-1973\" srcset=\"https:\/\/www.korgpaturkiye.com\/wp-content\/uploads\/2024\/03\/ba1d2ef50737e373fee9006aa44c5448-300x225-1-1.png 300w, https:\/\/www.korgpaturkiye.com\/wp-content\/uploads\/2024\/03\/ba1d2ef50737e373fee9006aa44c5448-300x225-1-1-100x75.png 100w\" sizes=\"(max-width:767px) 300px, 300px\" \/><\/figure>\n\n\n\n<p><style>\/*! elementor - v3.20.0 - 13-03-2024 *\/<br \/>\n.elementor-widget-image{text-align:center}.elementor-widget-image a{display:inline-block}.elementor-widget-image a img[src$=\".svg\"]{width:48px}.elementor-widget-image img{vertical-align:middle;display:inline-block}<\/style><\/p>\n\n\n\n<h5 class=\"wp-block-heading\"><strong><a href=\"https:\/\/www.korg.com\/us\/news\/2026\/0212\/\" data-type=\"link\" data-id=\"https:\/\/www.korg.com\/us\/news\/2026\/0212\/\">KORG PA5X O.S. 1.4.3.  G\u00fcncelleme datalar\u0131:<\/a><\/strong><\/h5>\n\n\n\n<h6 class=\"wp-block-heading\">12\/02\/2026\u2032 de Yay\u0131nland\u0131\u2026<\/h6>\n\n\n\n<p><\/p>\n\n\n\n<p><style>\/*! elementor - v3.20.0 - 13-03-2024 *\/<br \/>\n.elementor-heading-title{padding:0;margin:0;line-height:1}.elementor-widget-heading .elementor-heading-title[class*=elementor-size-]>a{color:inherit;font-size:inherit;line-height:inherit}.elementor-widget-heading .elementor-heading-title.elementor-size-small{font-size:15px}.elementor-widget-heading .elementor-heading-title.elementor-size-medium{font-size:19px}.elementor-widget-heading .elementor-heading-title.elementor-size-large{font-size:29px}.elementor-widget-heading .elementor-heading-title.elementor-size-xl{font-size:39px}.elementor-widget-heading .elementor-heading-title.elementor-size-xxl{font-size:59px}<\/style><\/p>\n\n\n\n<h5 class=\"wp-block-heading has-vivid-red-color has-cyan-bluish-gray-background-color has-text-color has-background has-link-color wp-elements-22b7e97370fd4d530c8c4384e6058bfa\"><a href=\"https:\/\/www.korg.com\/us\/news\/2026\/0212\/\">Korg<\/a><a href=\"https:\/\/www.korg.com\/us\/support\/download\/software\/0\/895\/4965\/\"> Pa5X O.S. 1.4.3 <\/a><a href=\"https:\/\/www.korg.com\/us\/news\/2026\/0212\/\">  \u0130ND\u0130R<\/a><\/h5>\n\n\n\n<p><strong>G\u00dcNCELLEME KLAVUZU<\/strong><\/p>\n\n\n\n<p><strong>POWER<\/strong>&nbsp;ve<strong>&nbsp;Intro 1&nbsp;<\/strong>butonlar\u0131na beraber bas\u0131l\u0131 tutarak cihaz\u0131 a\u00e7\u0131n ve indirdi\u011finiz OS datas\u0131n\u0131 i\u015faretleyip<\/p>\n\n\n\n<p><strong>KBD SET 2<\/strong>&nbsp;butonu ile g\u00fcncellemeyi tamamlay\u0131n\u0131z.<\/p>\n\n\n\n<p>Daha sonra i\u015flem bitti\u011finde cihaz\u0131 kapat\u0131p tekrar a\u00e7\u0131n\u0131z.<\/p>\n\n\n\n<p>Bu i\u015flemler bitmeden cihaza herhangi bir&nbsp;<strong>KST<\/strong>&nbsp;datas\u0131 y\u00fcklemeyiniz.<\/p>\n\n\n\n<p><\/p>\n\n\n\n<p class=\"has-vivid-red-color has-text-color has-link-color wp-elements-1a43a832e6f8b5ee54dedae352040831\"><strong>\u00d6NEML\u0130 HATIRLATMA:<\/strong><\/p>\n\n\n\n<p>PA5X \u00f6zelli\u011fi itibar\u0131 ile daha \u00e7ok pa4X datalar\u0131n\u0131n convert edilip kullan\u0131lmas\u0131na uyumludur.<\/p>\n\n\n\n<p>Dolay\u0131s\u0131 ile daha eski pa serileri ile yap\u0131lan datalar\u0131 kullanman\u0131z\u0131 ve uyumlulu\u011funu garanti etmez\u2026<\/p>\n","protected":false},"excerpt":{"rendered":"<p>KORG PA5X O.S. 1.4.3. G\u00fcncelleme datalar\u0131: 12\/02\/2026\u2032 de Yay\u0131nland\u0131\u2026 Korg Pa5X O.S. 1.4.3 \u0130ND\u0130R G\u00dcNCELLEME KLAVUZU POWER&nbsp;ve&nbsp;Intro 1&nbsp;butonlar\u0131na beraber bas\u0131l\u0131 tutarak cihaz\u0131 a\u00e7\u0131n ve indirdi\u011finiz OS<span class=\"excerpt-hellip\"> [\u2026]<\/span><\/p>\n","protected":false},"author":1,"featured_media":0,"parent":1625,"menu_order":0,"comment_status":"closed","ping_status":"closed","template":"","meta":{"footnotes":""},"_links":{"self":[{"href":"https:\/\/www.korgpaturkiye.com\/index.php\/wp-json\/wp\/v2\/pages\/1618"}],"collection":[{"href":"https:\/\/www.korgpaturkiye.com\/index.php\/wp-json\/wp\/v2\/pages"}],"about":[{"href":"https:\/\/www.korgpaturkiye.com\/index.php\/wp-json\/wp\/v2\/types\/page"}],"author":[{"embeddable":true,"href":"https:\/\/www.korgpaturkiye.com\/index.php\/wp-json\/wp\/v2\/users\/1"}],"replies":[{"embeddable":true,"href":"https:\/\/www.korgpaturkiye.com\/index.php\/wp-json\/wp\/v2\/comments?post=1618"}],"version-history":[{"count":15,"href":"https:\/\/www.korgpaturkiye.com\/index.php\/wp-json\/wp\/v2\/pages\/1618\/revisions"}],"predecessor-version":[{"id":2092,"href":"https:\/\/www.korgpaturkiye.com\/index.php\/wp-json\/wp\/v2\/pages\/1618\/revisions\/2092"}],"up":[{"embeddable":true,"href":"https:\/\/www.korgpaturkiye.com\/index.php\/wp-json\/wp\/v2\/pages\/1625"}],"wp:attachment":[{"href":"https:\/\/www.korgpaturkiye.com\/index.php\/wp-json\/wp\/v2\/media?parent=1618"}],"curies":[{"name":"wp","href":"https:\/\/api.w.org\/{rel}","templated":true}]}}