{"id":1610,"date":"2024-03-15T14:34:15","date_gmt":"2024-03-15T14:34:15","guid":{"rendered":"http:\/\/tscajans.com\/korg\/?page_id=1610"},"modified":"2024-03-17T21:47:51","modified_gmt":"2024-03-17T21:47:51","slug":"tr-11","status":"publish","type":"page","link":"https:\/\/www.korgpaturkiye.com\/index.php\/urunler\/tr-11\/","title":{"rendered":"TR 11"},"content":{"rendered":"\n<figure class=\"wp-block-image size-full is-resized\"><img loading=\"lazy\" decoding=\"async\" width=\"300\" height=\"185\" src=\"https:\/\/www.korgpaturkiye.com\/wp-content\/uploads\/2024\/03\/20131001_153041tr-300x185-1.png\" alt=\"\" class=\"wp-image-1613\" style=\"width:840px;height:auto\" srcset=\"https:\/\/www.korgpaturkiye.com\/wp-content\/uploads\/2024\/03\/20131001_153041tr-300x185-1.png 300w, https:\/\/www.korgpaturkiye.com\/wp-content\/uploads\/2024\/03\/20131001_153041tr-300x185-1-122x75.png 122w\" sizes=\"(max-width:767px) 300px, 300px\" \/><\/figure>\n\n\n\n<p><\/p>\n\n\n\n<figure class=\"wp-block-image size-full\"><img loading=\"lazy\" decoding=\"async\" width=\"300\" height=\"185\" src=\"https:\/\/www.korgpaturkiye.com\/wp-content\/uploads\/2024\/03\/20131001_153041tr-300x185-1.png\" alt=\"\" class=\"wp-image-1613\" srcset=\"https:\/\/www.korgpaturkiye.com\/wp-content\/uploads\/2024\/03\/20131001_153041tr-300x185-1.png 300w, https:\/\/www.korgpaturkiye.com\/wp-content\/uploads\/2024\/03\/20131001_153041tr-300x185-1-122x75.png 122w\" sizes=\"(max-width:767px) 300px, 300px\" \/><\/figure>\n\n\n<p><style>\/*! elementor - v3.20.0 - 13-03-2024 *\/<br \/>\n.elementor-widget-image{text-align:center}.elementor-widget-image a{display:inline-block}.elementor-widget-image a img[src$=\".svg\"]{width:48px}.elementor-widget-image img{vertical-align:middle;display:inline-block}<\/style><\/p>\n<p><br \/><br \/>Korgpa 900 i\u00e7in haz\u0131rlam\u0131\u015f oldu\u011fumuz 174mb boyutunda sample a sahiptir.\u00a0 \u00a0\u0130\u00e7erik olarak T\u00fcrk ve ortado\u011fu m\u00fczik k\u00fclt\u00fcr\u00fcnde \u00a0ihtiya\u00e7 duyulan hemen hemen b\u00fct\u00fcn enstruman ve perkusyon saundlar\u0131n\u0131 i\u00e7eren bir zenginli\u011fe sahiptir.\u00a0 \u0130\u00e7erisinde yakla\u015f\u0131k olarak 300 ritm ba\u015flang\u0131\u00e7 paket olarak mevcuttur.Bu ritmler profesyonel manada isim yapm\u0131\u015f \u00fcnl\u00fc m\u00fczisyenler taraf\u0131ndan haz\u0131rlanm\u0131\u015ft\u0131r. Bu isimler\u00a0Baykal YILMAZ,Cevdet KURUOBA,C\u00fcneyt ERTA\u00c7,Eser \u0130PEKEL,\u00a0H\u00fcseyin BERTAN,Mustafa YAZGAN,Tugay Solumaz, Volkan Solumaz,Volki\u00a0 \u0130lk 2 y\u0131l i\u00e7in 2 ay da bir g\u00fcncellenir.\u00a0 \u00a0Samplelar tamamen kendi kay\u0131t ve editlerimizden olu\u015fturulmu\u015ftur.\u00a0 KorgTR11 microSD kart sadece KorgPa900 modeli ile \u00e7al\u0131\u015f\u0131r.Mevcut data elinizde KorgTR11 Micro SD card olmadan \u00e7al\u0131\u015fmaz!\u00a0 \u00a0 Korg \u0130taly taraf\u0131ndan y\u00fcksek teknoloji ile \u015fifrelenmi\u015ftir.Korg pa900-KorgTR.SET datas\u0131 sayfam\u0131zda mevcuttur.<\/p>","protected":false},"excerpt":{"rendered":"<p>Korgpa 900 i\u00e7in haz\u0131rlam\u0131\u015f oldu\u011fumuz 174mb boyutunda sample a sahiptir.\u00a0 \u00a0\u0130\u00e7erik olarak T\u00fcrk ve ortado\u011fu m\u00fczik k\u00fclt\u00fcr\u00fcnde \u00a0ihtiya\u00e7 duyulan hemen hemen b\u00fct\u00fcn enstruman ve perkusyon saundlar\u0131n\u0131<span class=\"excerpt-hellip\"> [\u2026]<\/span><\/p>\n","protected":false},"author":1,"featured_media":0,"parent":1531,"menu_order":0,"comment_status":"closed","ping_status":"closed","template":"","meta":{"footnotes":""},"_links":{"self":[{"href":"https:\/\/www.korgpaturkiye.com\/index.php\/wp-json\/wp\/v2\/pages\/1610"}],"collection":[{"href":"https:\/\/www.korgpaturkiye.com\/index.php\/wp-json\/wp\/v2\/pages"}],"about":[{"href":"https:\/\/www.korgpaturkiye.com\/index.php\/wp-json\/wp\/v2\/types\/page"}],"author":[{"embeddable":true,"href":"https:\/\/www.korgpaturkiye.com\/index.php\/wp-json\/wp\/v2\/users\/1"}],"replies":[{"embeddable":true,"href":"https:\/\/www.korgpaturkiye.com\/index.php\/wp-json\/wp\/v2\/comments?post=1610"}],"version-history":[{"count":1,"href":"https:\/\/www.korgpaturkiye.com\/index.php\/wp-json\/wp\/v2\/pages\/1610\/revisions"}],"predecessor-version":[{"id":1999,"href":"https:\/\/www.korgpaturkiye.com\/index.php\/wp-json\/wp\/v2\/pages\/1610\/revisions\/1999"}],"up":[{"embeddable":true,"href":"https:\/\/www.korgpaturkiye.com\/index.php\/wp-json\/wp\/v2\/pages\/1531"}],"wp:attachment":[{"href":"https:\/\/www.korgpaturkiye.com\/index.php\/wp-json\/wp\/v2\/media?parent=1610"}],"curies":[{"name":"wp","href":"https:\/\/api.w.org\/{rel}","templated":true}]}}