{"id":1561,"date":"2024-03-15T13:02:21","date_gmt":"2024-03-15T13:02:21","guid":{"rendered":"http:\/\/tscajans.com\/korg\/?page_id=1561"},"modified":"2024-03-17T21:33:07","modified_gmt":"2024-03-17T21:33:07","slug":"korg-pa3x-le","status":"publish","type":"page","link":"https:\/\/www.korgpaturkiye.com\/index.php\/urunler\/korg-pa3x-le\/","title":{"rendered":"KORG PA3X LE"},"content":{"rendered":"<p>Pa3X LE, Korg\u2019un Pa3X serisi ritmli klavyelerinin en yeni \u00fcyesi olarak Pa3X\u2019in m\u00fckemmel sesini daha ekonomik fiyatl\u0131, 76 tu\u015flu, kullan\u0131\u015fl\u0131 aray\u00fcze sahip bir g\u00f6vdede sunan bir klavyedir. Ger\u00e7ek\u00e7i ve y\u00fcksek detayl\u0131 sesler ve d\u00fcnyadan pek \u00e7ok m\u00fczik t\u00fcr\u00fcn\u00fc kapsayan geni\u015f bir ritm yelpazesi i\u00e7erir.<\/p>\n<p><b>Temel \u00f6zellikler:<\/b><\/p>\n<p>* Daha ger\u00e7ek\u00e7i sesler i\u00e7in Enhanced RX (Real eXperience) sound engine<\/p>\n<p>* Dev dahili ROM + 192MB user PCM data alan\u0131<\/p>\n<p style=\"text-align: left;\">* Ses artik\u00fclasyon seviyeleri \u00fczerinde tam kontrol i\u00e7in \u00fc\u00e7 assignable svi\u00e7 ve d\u00f6rt y\u00f6nl\u00fc joystick (DNC \u2013 Defined Nuance Control)<\/p>\n<p>* Velocity hassasiyetli ve aftertouch \u00f6zellikli 76 yar\u0131 a\u011f\u0131rl\u0131kl\u0131 tu\u015f<\/p>\n<p>* \u0130nce, al\u00fcminyum kabin ve ah\u015fap yan paneller<\/p>\n<p>* Sample recording ve editing \u00f6zellikleri ile yeni sample olu\u015fturabilme imkan\u0131<\/p>\n<p>* B\u00fcy\u00fck, 7\u201d\u2019lik dokunmatik TFT ekran<\/p>\n<p>* Yeni arama fonksiyonu ile kullan\u0131m\u0131 kolay, grafik aray\u00fcz<\/p>\n<p>* \u0130yile\u015ftirilmi\u015f Style ve Performance b\u00f6l\u00fcm\u00fc. Her biri 4 varyasyon, 4 Fill In ve Break i\u00e7eren 410\u2019un \u00fczerinde haz\u0131r ritm, kullan\u0131c\u0131 ritmlerinin kaydedilmesi i\u00e7in 15 user bank<\/p>\n<p>* Ger\u00e7ek\u00e7i gitar partileri i\u00e7in Enhanced Guitar Mode 2<\/p>\n<p>* Akor de\u011fi\u015fimleri an\u0131nda kaydetmek i\u00e7in Style Play moduna Chord Sequencer fonksiyonu<\/p>\n<p>* 4 Stereo Master efekt (125 FX t\u00fcr\u00fc) + 2 Global efekt (Limiter, EQ)<\/p>\n<p>* 4 \u00f6zel efektli TC Helicon 3 ses Vocal proses\u00f6r<\/p>\n<p>* Kay\u0131t \u00f6zelli\u011fi, X-Fader ve vokal siliciye sahip \u00e7ift MP3\/MIDI \u00e7alar<\/p>\n<p>* MP3 i\u00e7in grafik formatl\u0131 (+G) s\u00f6z dosyalar\u0131 ile daha iyi uyumluluk<\/p>\n<p>* GM \u015fark\u0131lar i\u00e7in daha iyi ses uyumlulu\u011fu<\/p>\n<p>*\u00a0Ritmler, SMF, Karaoke, MP3\u2019lerle \u00e7al\u0131\u015fan, istenilen \u015fark\u0131 ayarlar\u0131n\u0131 an\u0131nda \u00e7a\u011f\u0131ran SongBook veri taban\u0131. Kullan\u0131c\u0131 taraf\u0131ndan belirlenebilir listeler. Filtreleme ve s\u0131ralama se\u00e7enekleri.<\/p>\n<p>*\u00a0 \u00c7oklu dil \u00f6zelli\u011fine sahip karakter seti. Orijinal dillerinde g\u00f6r\u00fcnt\u00fclenebilir \u015fark\u0131 s\u00f6zleri (Uzak Do\u011fu ve Arap dilleri hari\u00e7)<br \/>*\u00a0 Yeni SoundFont import fonksiyonu<br \/>* Micro SD ile depolama<\/p>\n<p>* Kolay kurulumu yap\u0131labilen opsiyonel PaAS hoparl\u00f6r<\/p>\n\n\n<iframe loading=\"lazy\" width=\"840\" height=\"635\" src=\"https:\/\/www.youtube.com\/embed\/2x7YZGNuMt4?si=xPw9HWhHKy79DvIB\" title=\"YouTube video player\" frameborder=\"0\" allow=\"accelerometer; autoplay; clipboard-write; encrypted-media; gyroscope; picture-in-picture; web-share\" allowfullscreen><\/iframe>\n\n\n\n<iframe loading=\"lazy\" width=\"840\" height=\"645\" src=\"https:\/\/www.youtube.com\/embed\/MJnn_ku6WEA?si=KNCEBm5eXFU9rSJi\" title=\"YouTube video player\" frameborder=\"0\" allow=\"accelerometer; autoplay; clipboard-write; encrypted-media; gyroscope; picture-in-picture; web-share\" allowfullscreen><\/iframe>\n","protected":false},"excerpt":{"rendered":"<p>Pa3X LE, Korg\u2019un Pa3X serisi ritmli klavyelerinin en yeni \u00fcyesi olarak Pa3X\u2019in m\u00fckemmel sesini daha ekonomik fiyatl\u0131, 76 tu\u015flu, kullan\u0131\u015fl\u0131 aray\u00fcze sahip bir g\u00f6vdede sunan bir<span class=\"excerpt-hellip\"> [\u2026]<\/span><\/p>\n","protected":false},"author":1,"featured_media":0,"parent":1531,"menu_order":0,"comment_status":"closed","ping_status":"closed","template":"","meta":{"footnotes":""},"_links":{"self":[{"href":"https:\/\/www.korgpaturkiye.com\/index.php\/wp-json\/wp\/v2\/pages\/1561"}],"collection":[{"href":"https:\/\/www.korgpaturkiye.com\/index.php\/wp-json\/wp\/v2\/pages"}],"about":[{"href":"https:\/\/www.korgpaturkiye.com\/index.php\/wp-json\/wp\/v2\/types\/page"}],"author":[{"embeddable":true,"href":"https:\/\/www.korgpaturkiye.com\/index.php\/wp-json\/wp\/v2\/users\/1"}],"replies":[{"embeddable":true,"href":"https:\/\/www.korgpaturkiye.com\/index.php\/wp-json\/wp\/v2\/comments?post=1561"}],"version-history":[{"count":2,"href":"https:\/\/www.korgpaturkiye.com\/index.php\/wp-json\/wp\/v2\/pages\/1561\/revisions"}],"predecessor-version":[{"id":1983,"href":"https:\/\/www.korgpaturkiye.com\/index.php\/wp-json\/wp\/v2\/pages\/1561\/revisions\/1983"}],"up":[{"embeddable":true,"href":"https:\/\/www.korgpaturkiye.com\/index.php\/wp-json\/wp\/v2\/pages\/1531"}],"wp:attachment":[{"href":"https:\/\/www.korgpaturkiye.com\/index.php\/wp-json\/wp\/v2\/media?parent=1561"}],"curies":[{"name":"wp","href":"https:\/\/api.w.org\/{rel}","templated":true}]}}