{"id":1549,"date":"2024-03-15T11:49:10","date_gmt":"2024-03-15T11:49:10","guid":{"rendered":"http:\/\/tscajans.com\/korg\/?page_id=1549"},"modified":"2024-03-17T21:28:41","modified_gmt":"2024-03-17T21:28:41","slug":"korg-pa3x","status":"publish","type":"page","link":"https:\/\/www.korgpaturkiye.com\/index.php\/urunler\/korg-pa3x\/","title":{"rendered":"KORG PA3X"},"content":{"rendered":"\n<figure class=\"wp-block-image size-full\"><img loading=\"lazy\" decoding=\"async\" width=\"750\" height=\"563\" src=\"https:\/\/www.korgpaturkiye.com\/wp-content\/uploads\/2024\/03\/PA3X-1.jpg\" alt=\"\" class=\"wp-image-1979\" srcset=\"https:\/\/www.korgpaturkiye.com\/wp-content\/uploads\/2024\/03\/PA3X-1.jpg 750w, https:\/\/www.korgpaturkiye.com\/wp-content\/uploads\/2024\/03\/PA3X-1-500x375.jpg 500w, https:\/\/www.korgpaturkiye.com\/wp-content\/uploads\/2024\/03\/PA3X-1-300x225.jpg 300w, https:\/\/www.korgpaturkiye.com\/wp-content\/uploads\/2024\/03\/PA3X-1-100x75.jpg 100w, https:\/\/www.korgpaturkiye.com\/wp-content\/uploads\/2024\/03\/PA3X-1-480x360.jpg 480w\" sizes=\"(max-width:767px) 480px, 750px\" \/><\/figure>\n\n\n<p><style>\/*! elementor - v3.20.0 - 13-03-2024 *\/<br \/>\n.elementor-widget-image{text-align:center}.elementor-widget-image a{display:inline-block}.elementor-widget-image a img[src$=\".svg\"]{width:48px}.elementor-widget-image img{vertical-align:middle;display:inline-block}<\/style><\/p>\n<p>\u00a0<\/p>\n<h3>Korg Pa serisinin yeni Ustas\u0131 Pa3X! En g\u00fc\u00e7l\u00fc ve en ger\u00e7ek\u00e7i, kullan\u0131m\u0131 en kolay \u015fimdiye kadar \u00fcretilen en iyi performans ve studyo aranj\u00f6r\u00fc. Y\u0131llard\u0131r Korg, Pa Serisi ile imrenilen, sayg\u0131n ve ba\u015far\u0131l\u0131 \u00e7izgisini olu\u015fturmu\u015ftur. Pa3x ve Pa3x Pro daha zengin, yeni ve daha ger\u00e7ek\u00e7i sesler sunarak m\u00fckemmellik standard\u0131n\u0131 y\u00fckseltti,inan\u0131lmaz yeni \u00f6zellikler olu\u015fturdu ve bu d\u00fcnyaya sizi davet ediyor. Pa3X ile tan\u0131\u015f\u0131n.Sadece dinleyin ve inan\u0131n.<\/h3>\n<p>Yenilenmi\u015f preset data k\u00fct\u00fcphanesi (Korg SV-1 Stage Vintage Piano, Ambience Drums,realistik soundlar)128mb olan preset fabrika datalar.Art\u0131k 256mb boyutunda.Benzersiz yenilikler;<\/p>\n<p>Gitar mod 2<\/p>\n<p>Yeni vocal harmony proses\u00f6r.Geli\u015ftirilmi\u015f 7 efekt katk\u0131s\u0131 ile g\u00fc\u00e7l\u00fc ve st\u00fcdyo kalitesinde.<\/p>\n<p>Ak\u0131ll\u0131 haf\u0131za koruma sistemi(b\u00f6ylece h\u0131zl\u0131 a\u00e7\u0131l\u0131\u015f s\u00fcresi)<\/p>\n<p>Style play modunda 8 kanal efekt ve bunlar\u0131 direkt birbiri ile ili\u015fkelendirme.<\/p>\n<p>WAVES BUNDLE (profesyonel st\u00fcdyo yaz\u0131l\u0131mlar\u0131) ile haz\u0131rlanm\u0131\u015f master eq ve master suite.B\u00f6ylece benzersiz bir ses kalitesi.<\/p>\n<p>400 fabrika ritm ve 15 User Style Bank;kendi style lar\u0131n\u0131z\u0131 saklay\u0131p editleyebilmeniz i\u00e7in.Yakla\u015f\u0131k 1200 style performans saklayabilirisiniz.<\/p>\n<p>Mikrofon ayarlar\u0131na direkt m\u00fcdahele i\u00e7in onboard haz\u0131rlanm\u0131\u015f.Button ve seviye kontrol d\u00fc\u011fmeleri.<\/p>\n<p>Geli\u015ftirilmi\u015f double MP3 \u00e7alar + vocal remover(mevcut tracklardan vocal seslerinin silinebilmesi i\u00e7in).<\/p>\n<p>Yeni akord alg\u0131lama yetene\u011fi ile mp3 tracklara otomatik vocal harmony \u00f6zelli\u011fi.<\/p>\n\n\n<iframe loading=\"lazy\" width=\"840\" height=\"645\" src=\"https:\/\/www.youtube.com\/embed\/kBHAXaYzyYk?si=04PF_E3f2CUXKwFp\" title=\"YouTube video player\" frameborder=\"0\" allow=\"accelerometer; autoplay; clipboard-write; encrypted-media; gyroscope; picture-in-picture; web-share\" allowfullscreen><\/iframe>\n","protected":false},"excerpt":{"rendered":"<p>\u00a0 Korg Pa serisinin yeni Ustas\u0131 Pa3X! En g\u00fc\u00e7l\u00fc ve en ger\u00e7ek\u00e7i, kullan\u0131m\u0131 en kolay \u015fimdiye kadar \u00fcretilen en iyi performans ve studyo aranj\u00f6r\u00fc. Y\u0131llard\u0131r Korg,<span class=\"excerpt-hellip\"> [\u2026]<\/span><\/p>\n","protected":false},"author":1,"featured_media":0,"parent":1531,"menu_order":0,"comment_status":"closed","ping_status":"closed","template":"","meta":{"footnotes":""},"_links":{"self":[{"href":"https:\/\/www.korgpaturkiye.com\/index.php\/wp-json\/wp\/v2\/pages\/1549"}],"collection":[{"href":"https:\/\/www.korgpaturkiye.com\/index.php\/wp-json\/wp\/v2\/pages"}],"about":[{"href":"https:\/\/www.korgpaturkiye.com\/index.php\/wp-json\/wp\/v2\/types\/page"}],"author":[{"embeddable":true,"href":"https:\/\/www.korgpaturkiye.com\/index.php\/wp-json\/wp\/v2\/users\/1"}],"replies":[{"embeddable":true,"href":"https:\/\/www.korgpaturkiye.com\/index.php\/wp-json\/wp\/v2\/comments?post=1549"}],"version-history":[{"count":1,"href":"https:\/\/www.korgpaturkiye.com\/index.php\/wp-json\/wp\/v2\/pages\/1549\/revisions"}],"predecessor-version":[{"id":1980,"href":"https:\/\/www.korgpaturkiye.com\/index.php\/wp-json\/wp\/v2\/pages\/1549\/revisions\/1980"}],"up":[{"embeddable":true,"href":"https:\/\/www.korgpaturkiye.com\/index.php\/wp-json\/wp\/v2\/pages\/1531"}],"wp:attachment":[{"href":"https:\/\/www.korgpaturkiye.com\/index.php\/wp-json\/wp\/v2\/media?parent=1549"}],"curies":[{"name":"wp","href":"https:\/\/api.w.org\/{rel}","templated":true}]}}