{"id":1506,"date":"2024-03-15T10:09:57","date_gmt":"2024-03-15T10:09:57","guid":{"rendered":"http:\/\/tscajans.com\/korg\/?page_id=1506"},"modified":"2024-03-15T10:09:57","modified_gmt":"2024-03-15T10:09:57","slug":"hakkimizda","status":"publish","type":"page","link":"https:\/\/www.korgpaturkiye.com\/index.php\/hakkimizda\/","title":{"rendered":"Hakk\u0131m\u0131zda"},"content":{"rendered":"<h1><\/h1>\n<p>Can Elektronik Ltd. olarak 1986 y\u0131l\u0131ndan beri KORG T\u00fcrkiye Distrib\u00fct\u00f6rl\u00fc\u011f\u00fcn\u00fc \u00a0yapmaktay\u0131z.<\/p>\n<p>\u00d6ncelikli amac\u0131m\u0131z Korg teknolojisini; h\u0131zl\u0131, g\u00fcvenilir ve kaliteli bir hizmet ile sizlerle bulu\u015fturmakt\u0131r.<\/p>\n<p>1990 l\u0131 y\u0131llarda\u00a0<strong>\u0130<\/strong>\u00a0Serisi klavyeler ile ba\u015flay\u0131p,\u00a0\u00a0<strong>PA<\/strong>\u00a0Serisi klavyeler ile takip eden zaman i\u00e7erisinde; T\u00fcrk enstr\u00fcmanlar\u0131n\u0131n daha ger\u00e7ek\u00e7i seslerini size sunmak, y\u00f6resel m\u00fcziklerimize en uygun ritmleri sizler i\u00e7in haz\u0131rlamak ve bu \u00e7al\u0131\u015fmalar\u0131 daima yenilik\u00e7i ve g\u00fcncel tutmak i\u00e7in s\u00fcrekli \u00e7al\u0131\u015f\u0131yoruz.<\/p>\n<p>\u0130nternet sitemiz\u00a0<a href=\"http:\/\/www.korgpaturkiye.com\/\">www.korgpaturkiye.com<\/a>\u00a0\u00fczerinden modellerimizle ilgili bilgi alabilir veya daha detayl\u0131 bilgi almak i\u00e7in bizimle irtibata ge\u00e7ebilirsiniz. \u0130sterseniz merkez ofisimize gelerek \u00fcr\u00fcnlerimizi daha yak\u0131ndan tan\u0131ma imkan\u0131 da bulabilirsiniz. Uzman kadromuz sizlere her t\u00fcrl\u00fc deste\u011fi sa\u011flayacak bilgi ve tecr\u00fcbeye sahip olup, hi\u00e7 bir sorunuzu yan\u0131ts\u0131z b\u0131rakmayacaklard\u0131r.<\/p>\n","protected":false},"excerpt":{"rendered":"<p>Can Elektronik Ltd. olarak 1986 y\u0131l\u0131ndan beri KORG T\u00fcrkiye Distrib\u00fct\u00f6rl\u00fc\u011f\u00fcn\u00fc \u00a0yapmaktay\u0131z. \u00d6ncelikli amac\u0131m\u0131z Korg teknolojisini; h\u0131zl\u0131, g\u00fcvenilir ve kaliteli bir hizmet ile sizlerle bulu\u015fturmakt\u0131r. 1990 l\u0131<span class=\"excerpt-hellip\"> [\u2026]<\/span><\/p>\n","protected":false},"author":1,"featured_media":0,"parent":0,"menu_order":0,"comment_status":"closed","ping_status":"closed","template":"","meta":{"footnotes":""},"_links":{"self":[{"href":"https:\/\/www.korgpaturkiye.com\/index.php\/wp-json\/wp\/v2\/pages\/1506"}],"collection":[{"href":"https:\/\/www.korgpaturkiye.com\/index.php\/wp-json\/wp\/v2\/pages"}],"about":[{"href":"https:\/\/www.korgpaturkiye.com\/index.php\/wp-json\/wp\/v2\/types\/page"}],"author":[{"embeddable":true,"href":"https:\/\/www.korgpaturkiye.com\/index.php\/wp-json\/wp\/v2\/users\/1"}],"replies":[{"embeddable":true,"href":"https:\/\/www.korgpaturkiye.com\/index.php\/wp-json\/wp\/v2\/comments?post=1506"}],"version-history":[{"count":0,"href":"https:\/\/www.korgpaturkiye.com\/index.php\/wp-json\/wp\/v2\/pages\/1506\/revisions"}],"wp:attachment":[{"href":"https:\/\/www.korgpaturkiye.com\/index.php\/wp-json\/wp\/v2\/media?parent=1506"}],"curies":[{"name":"wp","href":"https:\/\/api.w.org\/{rel}","templated":true}]}}